{"id":15,"date":"2024-07-10T09:17:40","date_gmt":"2024-07-10T07:17:40","guid":{"rendered":"https:\/\/pssi-formations.re\/?page_id=15"},"modified":"2024-07-12T10:07:52","modified_gmt":"2024-07-12T08:07:52","slug":"planning","status":"publish","type":"page","link":"https:\/\/pssi-formations.re\/index.php\/planning\/","title":{"rendered":"CALENDRIER"},"content":{"rendered":"<p>[et_pb_section fb_built=\u00a0\u00bb1&Prime; admin_label=\u00a0\u00bb Call Us\u00a0\u00bb _builder_version=\u00a0\u00bb4.16&Prime; custom_padding=\u00a0\u00bb20px|0px|20px|0px|true|false\u00a0\u00bb animation_style=\u00a0\u00bbslide\u00a0\u00bb animation_direction=\u00a0\u00bbtop\u00a0\u00bb animation_intensity_slide=\u00a0\u00bb10%\u00a0\u00bb box_shadow_style=\u00a0\u00bbpreset3&Prime; box_shadow_vertical=\u00a0\u00bb10px\u00a0\u00bb box_shadow_blur=\u00a0\u00bb105px\u00a0\u00bb box_shadow_spread=\u00a0\u00bb0px\u00a0\u00bb box_shadow_color=\u00a0\u00bbrgba(0,0,0,0.12)\u00a0\u00bb global_colors_info=\u00a0\u00bb{}\u00a0\u00bb][et_pb_row column_structure=\u00a0\u00bb2_3,1_3&Prime; _builder_version=\u00a0\u00bb4.16&Prime; background_color=\u00a0\u00bb#ffffff\u00a0\u00bb custom_margin=\u00a0\u00bb|||\u00a0\u00bb global_colors_info=\u00a0\u00bb{}\u00a0\u00bb][et_pb_column type=\u00a0\u00bb2_3&Prime; _builder_version=\u00a0\u00bb4.16&Prime; custom_padding=\u00a0\u00bb|||\u00a0\u00bb global_colors_info=\u00a0\u00bb{}\u00a0\u00bb custom_padding__hover=\u00a0\u00bb|||\u00a0\u00bb][et_pb_text _builder_version=\u00a0\u00bb4.16&Prime; header_font=\u00a0\u00bb||||||||\u00a0\u00bb header_2_font=\u00a0\u00bbRubik|700|||||||\u00a0\u00bb header_2_text_color=\u00a0\u00bb#ffb400&Prime; header_2_font_size=\u00a0\u00bb42px\u00a0\u00bb header_2_line_height=\u00a0\u00bb1.2em\u00a0\u00bb header_4_font=\u00a0\u00bbRubik||||||||\u00a0\u00bb header_4_font_size=\u00a0\u00bb28px\u00a0\u00bb header_4_line_height=\u00a0\u00bb1.4em\u00a0\u00bb header_2_font_size_tablet=\u00a0\u00bb\u00a0\u00bb header_2_font_size_phone=\u00a0\u00bb36px\u00a0\u00bb header_2_font_size_last_edited=\u00a0\u00bbon|phone\u00a0\u00bb global_colors_info=\u00a0\u00bb{}\u00a0\u00bb]<\/p>\n<h2><span style=\"color: #ff5758;\">CALENDRIER<\/span><\/h2>\n<h4><em>\u00ab\u00a0Votre S\u00e9curit\u00e9, Notre Pr\u00e9vention\u00a0\u00bb<\/em><\/h4>\n<p>[\/et_pb_text][\/et_pb_column][et_pb_column type=\u00a0\u00bb1_3&Prime; _builder_version=\u00a0\u00bb4.16&Prime; custom_padding=\u00a0\u00bb|||\u00a0\u00bb global_colors_info=\u00a0\u00bb{}\u00a0\u00bb custom_padding__hover=\u00a0\u00bb|||\u00a0\u00bb][et_pb_button button_text=\u00a0\u00bbt\u00e9l\u00e9charger la brochure\u00a0\u00bb _builder_version=\u00a0\u00bb4.23.1&Prime; custom_button=\u00a0\u00bbon\u00a0\u00bb button_text_size=\u00a0\u00bb14px\u00a0\u00bb button_text_color=\u00a0\u00bb#ff5758&Prime; button_border_width=\u00a0\u00bb4px\u00a0\u00bb button_border_radius=\u00a0\u00bb0px\u00a0\u00bb button_letter_spacing=\u00a0\u00bb4px\u00a0\u00bb button_font=\u00a0\u00bbRubik|700||on|||||\u00a0\u00bb button_icon=\u00a0\u00bb&#x24;||divi||400&Prime; custom_margin=\u00a0\u00bb|-44px||-44px|false|true\u00a0\u00bb custom_padding=\u00a0\u00bb12px|30px|12px|30px|true|true\u00a0\u00bb button_text_color_hover=\u00a0\u00bb#ffffff\u00a0\u00bb button_border_color_hover=\u00a0\u00bb#ffb400&Prime; button_bg_color_hover=\u00a0\u00bb#ffb400&Prime; global_colors_info=\u00a0\u00bb{}\u00a0\u00bb button_text_size__hover_enabled=\u00a0\u00bboff\u00a0\u00bb button_one_text_size__hover_enabled=\u00a0\u00bboff\u00a0\u00bb button_two_text_size__hover_enabled=\u00a0\u00bboff\u00a0\u00bb button_text_color__hover_enabled=\u00a0\u00bbon|hover\u00a0\u00bb button_text_color__hover=\u00a0\u00bb#ffffff\u00a0\u00bb button_one_text_color__hover_enabled=\u00a0\u00bboff\u00a0\u00bb button_two_text_color__hover_enabled=\u00a0\u00bboff\u00a0\u00bb button_border_width__hover_enabled=\u00a0\u00bboff\u00a0\u00bb button_one_border_width__hover_enabled=\u00a0\u00bboff\u00a0\u00bb button_two_border_width__hover_enabled=\u00a0\u00bboff\u00a0\u00bb button_border_color__hover_enabled=\u00a0\u00bbon\u00a0\u00bb button_border_color__hover=\u00a0\u00bb#ff5657&Prime; button_one_border_color__hover_enabled=\u00a0\u00bboff\u00a0\u00bb button_two_border_color__hover_enabled=\u00a0\u00bboff\u00a0\u00bb button_border_radius__hover_enabled=\u00a0\u00bboff\u00a0\u00bb button_one_border_radius__hover_enabled=\u00a0\u00bboff\u00a0\u00bb button_two_border_radius__hover_enabled=\u00a0\u00bboff\u00a0\u00bb button_letter_spacing__hover_enabled=\u00a0\u00bboff\u00a0\u00bb button_one_letter_spacing__hover_enabled=\u00a0\u00bboff\u00a0\u00bb button_two_letter_spacing__hover_enabled=\u00a0\u00bboff\u00a0\u00bb button_bg_color__hover_enabled=\u00a0\u00bbon|hover\u00a0\u00bb button_bg_color__hover=\u00a0\u00bb#ff5758&Prime; button_one_bg_color__hover_enabled=\u00a0\u00bboff\u00a0\u00bb button_two_bg_color__hover_enabled=\u00a0\u00bboff\u00a0\u00bb button_bg_enable_color__hover=\u00a0\u00bbon\u00a0\u00bb][\/et_pb_button][\/et_pb_column][\/et_pb_row][\/et_pb_section][et_pb_section fb_built=\u00a0\u00bb1&Prime; admin_label=\u00a0\u00bbFAQ\u00a0\u00bb _builder_version=\u00a0\u00bb4.16&Prime; background_color=\u00a0\u00bb#f7f7f7&Prime; global_colors_info=\u00a0\u00bb{}\u00a0\u00bb][et_pb_row _builder_version=\u00a0\u00bb4.16&Prime; global_colors_info=\u00a0\u00bb{}\u00a0\u00bb][et_pb_column type=\u00a0\u00bb4_4&Prime; _builder_version=\u00a0\u00bb4.16&Prime; custom_padding=\u00a0\u00bb|||\u00a0\u00bb global_colors_info=\u00a0\u00bb{}\u00a0\u00bb custom_padding__hover=\u00a0\u00bb|||\u00a0\u00bb][et_pb_text _builder_version=\u00a0\u00bb4.23.1&Prime; text_font=\u00a0\u00bb||||||||\u00a0\u00bb header_font=\u00a0\u00bb||||||||\u00a0\u00bb header_2_font=\u00a0\u00bbRubik|700|||||||\u00a0\u00bb header_2_font_size=\u00a0\u00bb42px\u00a0\u00bb header_2_line_height=\u00a0\u00bb1.2em\u00a0\u00bb custom_margin=\u00a0\u00bb||1px|||\u00a0\u00bb custom_padding=\u00a0\u00bb|||\u00a0\u00bb hover_enabled=\u00a0\u00bb0&Prime; header_2_font_size_tablet=\u00a0\u00bb\u00a0\u00bb header_2_font_size_phone=\u00a0\u00bb36px\u00a0\u00bb header_2_font_size_last_edited=\u00a0\u00bbon|phone\u00a0\u00bb locked=\u00a0\u00bboff\u00a0\u00bb global_colors_info=\u00a0\u00bb{}\u00a0\u00bb sticky_enabled=\u00a0\u00bb0&Prime;]<\/p>\n<h2>Calendrier des formations \u00e0 venir<\/h2>\n<p>[\/et_pb_text][et_pb_text _builder_version=\u00a0\u00bb4.23.1&Prime; text_font=\u00a0\u00bb||||||||\u00a0\u00bb text_font_size=\u00a0\u00bb18px\u00a0\u00bb text_line_height=\u00a0\u00bb1.8em\u00a0\u00bb hover_enabled=\u00a0\u00bb0&Prime; locked=\u00a0\u00bboff\u00a0\u00bb global_colors_info=\u00a0\u00bb{}\u00a0\u00bb sticky_enabled=\u00a0\u00bb0&Prime;]<\/p>\n<div class=\"flex flex-grow flex-col max-w-full\">\n<div data-message-author-role=\"assistant\" data-message-id=\"15140787-56ec-42c7-a4c5-1f247cc46784\" dir=\"auto\" class=\"min-h-[20px] text-message flex flex-col items-start whitespace-pre-wrap break-words [.text-message+&amp;]:mt-5 juice:w-full juice:items-end overflow-x-auto gap-2\">\n<div class=\"flex w-full flex-col gap-1 juice:empty:hidden juice:first:pt-[3px]\">\n<div class=\"markdown prose w-full break-words dark:prose-invert light\">\n<p>Nous sommes ravis de vous pr\u00e9senter notre calendrier pour l&rsquo;ann\u00e9e \u00e0 venir, d\u00e9taillant les programmes de formation pr\u00e9vus.<\/p>\n<\/div>\n<\/div>\n<\/div>\n<\/div>\n<p>[\/et_pb_text][et_pb_divider color=\u00a0\u00bb#ff5758&Prime; divider_position=\u00a0\u00bbcenter\u00a0\u00bb divider_weight=\u00a0\u00bb5px\u00a0\u00bb _builder_version=\u00a0\u00bb4.23.1&Prime; max_width=\u00a0\u00bb50px\u00a0\u00bb locked=\u00a0\u00bboff\u00a0\u00bb global_colors_info=\u00a0\u00bb{}\u00a0\u00bb][\/et_pb_divider][\/et_pb_column][\/et_pb_row][et_pb_row _builder_version=\u00a0\u00bb4.23.1&Prime; _module_preset=\u00a0\u00bbdefault\u00a0\u00bb global_colors_info=\u00a0\u00bb{}\u00a0\u00bb][et_pb_column type=\u00a0\u00bb4_4&Prime; _builder_version=\u00a0\u00bb4.23.1&Prime; _module_preset=\u00a0\u00bbdefault\u00a0\u00bb global_colors_info=\u00a0\u00bb{}\u00a0\u00bb][et_pb_code _builder_version=\u00a0\u00bb4.23.1&Prime; _module_preset=\u00a0\u00bbdefault\u00a0\u00bb global_colors_info=\u00a0\u00bb{}\u00a0\u00bb]<div id=\"stec-69d6a59a58dff\" class=\"stec-instance\"><\/div>\r\n        <script type=\"text\/javascript\">\r\n            (function() {\r\n\r\n                const instance = {\"id\":\"stec-69d6a59a58dff\",\"filter__organizer\":\"atom_default\",\"filter__location\":\"atom_default\",\"filter__guest\":\"atom_default\",\"filter__category\":\"atom_default\",\"filter__calendar\":\"atom_default\",\"filter__min_date\":\"\",\"filter__max_date\":\"\",\"filter__minmax_intersect\":\"atom_default\",\"filter__start_date\":\"atom_default\",\"filter__featured\":\"atom_default\",\"filter__read_permission\":\"atom_default\",\"filter__author\":\"atom_default\",\"filter__events\":\"atom_default\",\"calendar__dow\":1,\"calendar__show_tz_offset\":true,\"calendar__use_user_timezone\":true,\"calendar__date_format\":\"stec_dmy\",\"calendar__time_format\":\"stec_24\",\"calendar__top_enabled\":true,\"calendar__top_today_button\":true,\"calendar__top_nav_buttons\":true,\"calendar__top_datepicker_menu\":true,\"calendar__top_search_menu\":true,\"calendar__top_filters_menu\":1,\"calendar__top_layouts_menu\":true,\"calendar__top_inline_categories\":false,\"calendar__top_categories_start_inactive\":\"atom_default\",\"calendar__layouts\":\"agenda,month,week,day\",\"calendar__layout\":\"month\",\"calendar__open_events_in\":\"calendar\",\"calendar__links_target\":\"_self\",\"layouts__agenda_list_more_button\":\"atom_default\",\"layouts__agenda_list_next_button\":true,\"layouts__agenda_list_reverse_order\":false,\"layouts__agenda_list\":true,\"layouts__agenda_list_limit\":100,\"layouts__agenda_slider\":true,\"layouts__grid_image_auto_height\":\"atom_default\",\"layouts__grid_gutter\":10,\"layouts__grid_columns\":3,\"layouts__grid_limit\":3,\"layouts__grid_more_button\":\"atom_default\",\"layouts__grid_next_button\":true,\"layouts__grid_reverse_order\":false,\"layouts__boxgrid_gutter\":0,\"layouts__boxgrid_columns\":3,\"layouts__boxgrid_limit\":3,\"layouts__boxgrid_more_button\":\"atom_default\",\"layouts__boxgrid_next_button\":true,\"layouts__boxgrid_reverse_order\":false,\"layouts__month_week_image_auto_height\":\"atom_default\",\"layouts__month_week_force_title\":false,\"layouts__month_week_es_form_on_top\":\"atom_default\",\"layouts__month_week_style\":\"fixed\",\"layouts__month_week_quick_open\":true,\"layouts__month_week_tooltip\":true,\"layouts__month_week_counter\":true,\"layouts__month_week_short_desc\":true,\"layouts__map_zoom\":10,\"map__type\":\"osm\",\"map__gmap_api_key\":\"\",\"comments__type\":\"internal\",\"dashboard__in_calendar\":true,\"misc__address_order\":\"atom_default\",\"misc__min_allowed_year\":\"atom_default\",\"misc__max_allowed_year\":\"atom_default\",\"misc__tiny_mce_enabled\":\"atom_default\",\"misc__tiny_mce_api_key\":\"atom_default\",\"misc__events_per_request\":100,\"calendar__ep_toggle_button\":true,\"calendar__scroll_to_event\":true,\"calendar__thumbnail_source\":\"calendar\",\"calendar__hide_emails\":false,\"layouts__grid_counter\":true,\"comments__fb_app_id\":\"\",\"dashboard__wpmedia\":false,\"misc__events_prefetch\":false,\"misc__tiny_mce_src\":\"\",\"misc__font_awesome\":true,\"misc__ajax_nonce\":false};\r\n\r\n                if (typeof window.stecInstances === 'undefined') {\r\n                    window.stecInstances = [];\r\n                }\r\n\r\n                window.stecInstances.push(instance);\r\n\r\n            })();\r\n        <\/script>\r\n\r\n[\/et_pb_code][\/et_pb_column][\/et_pb_row][\/et_pb_section]<\/p>\n","protected":false},"excerpt":{"rendered":"<p>CALENDRIER \u00ab\u00a0Votre S\u00e9curit\u00e9, Notre Pr\u00e9vention\u00a0\u00bbCalendrier des formations \u00e0 venir Nous sommes ravis de vous pr\u00e9senter notre calendrier pour l&rsquo;ann\u00e9e \u00e0 venir, d\u00e9taillant les programmes de formation pr\u00e9vus. <div id=\"stec-69d6a59a61d25\" class=\"stec-instance\"><\/div>\r\n        <script type=\"text\/javascript\">\r\n            (function() {\r\n\r\n                const instance = {\"id\":\"stec-69d6a59a61d25\",\"filter__organizer\":\"atom_default\",\"filter__location\":\"atom_default\",\"filter__guest\":\"atom_default\",\"filter__category\":\"atom_default\",\"filter__calendar\":\"atom_default\",\"filter__min_date\":\"\",\"filter__max_date\":\"\",\"filter__minmax_intersect\":\"atom_default\",\"filter__start_date\":\"atom_default\",\"filter__featured\":\"atom_default\",\"filter__read_permission\":\"atom_default\",\"filter__author\":\"atom_default\",\"filter__events\":\"atom_default\",\"calendar__dow\":1,\"calendar__show_tz_offset\":true,\"calendar__use_user_timezone\":true,\"calendar__date_format\":\"stec_dmy\",\"calendar__time_format\":\"stec_24\",\"calendar__top_enabled\":true,\"calendar__top_today_button\":true,\"calendar__top_nav_buttons\":true,\"calendar__top_datepicker_menu\":true,\"calendar__top_search_menu\":true,\"calendar__top_filters_menu\":1,\"calendar__top_layouts_menu\":true,\"calendar__top_inline_categories\":false,\"calendar__top_categories_start_inactive\":\"atom_default\",\"calendar__layouts\":\"agenda,month,week,day\",\"calendar__layout\":\"month\",\"calendar__open_events_in\":\"calendar\",\"calendar__links_target\":\"_self\",\"layouts__agenda_list_more_button\":\"atom_default\",\"layouts__agenda_list_next_button\":true,\"layouts__agenda_list_reverse_order\":false,\"layouts__agenda_list\":true,\"layouts__agenda_list_limit\":100,\"layouts__agenda_slider\":true,\"layouts__grid_image_auto_height\":\"atom_default\",\"layouts__grid_gutter\":10,\"layouts__grid_columns\":3,\"layouts__grid_limit\":3,\"layouts__grid_more_button\":\"atom_default\",\"layouts__grid_next_button\":true,\"layouts__grid_reverse_order\":false,\"layouts__boxgrid_gutter\":0,\"layouts__boxgrid_columns\":3,\"layouts__boxgrid_limit\":3,\"layouts__boxgrid_more_button\":\"atom_default\",\"layouts__boxgrid_next_button\":true,\"layouts__boxgrid_reverse_order\":false,\"layouts__month_week_image_auto_height\":\"atom_default\",\"layouts__month_week_force_title\":false,\"layouts__month_week_es_form_on_top\":\"atom_default\",\"layouts__month_week_style\":\"fixed\",\"layouts__month_week_quick_open\":true,\"layouts__month_week_tooltip\":true,\"layouts__month_week_counter\":true,\"layouts__month_week_short_desc\":true,\"layouts__map_zoom\":10,\"map__type\":\"osm\",\"map__gmap_api_key\":\"\",\"comments__type\":\"internal\",\"dashboard__in_calendar\":true,\"misc__address_order\":\"atom_default\",\"misc__min_allowed_year\":\"atom_default\",\"misc__max_allowed_year\":\"atom_default\",\"misc__tiny_mce_enabled\":\"atom_default\",\"misc__tiny_mce_api_key\":\"atom_default\",\"misc__events_per_request\":100,\"calendar__ep_toggle_button\":true,\"calendar__scroll_to_event\":true,\"calendar__thumbnail_source\":\"calendar\",\"calendar__hide_emails\":false,\"layouts__grid_counter\":true,\"comments__fb_app_id\":\"\",\"dashboard__wpmedia\":false,\"misc__events_prefetch\":false,\"misc__tiny_mce_src\":\"\",\"misc__font_awesome\":true,\"misc__ajax_nonce\":false};\r\n\r\n                if (typeof window.stecInstances === 'undefined') {\r\n                    window.stecInstances = [];\r\n                }\r\n\r\n                window.stecInstances.push(instance);\r\n\r\n            })();\r\n        <\/script>\r\n\r\n<\/p>\n","protected":false},"author":1,"featured_media":0,"parent":0,"menu_order":0,"comment_status":"closed","ping_status":"closed","template":"","meta":{"_et_pb_use_builder":"on","_et_pb_old_content":"<!-- wp:divi\/placeholder \/-->","_et_gb_content_width":"","footnotes":""},"class_list":["post-15","page","type-page","status-publish","hentry"],"_links":{"self":[{"href":"https:\/\/pssi-formations.re\/index.php\/wp-json\/wp\/v2\/pages\/15","targetHints":{"allow":["GET"]}}],"collection":[{"href":"https:\/\/pssi-formations.re\/index.php\/wp-json\/wp\/v2\/pages"}],"about":[{"href":"https:\/\/pssi-formations.re\/index.php\/wp-json\/wp\/v2\/types\/page"}],"author":[{"embeddable":true,"href":"https:\/\/pssi-formations.re\/index.php\/wp-json\/wp\/v2\/users\/1"}],"replies":[{"embeddable":true,"href":"https:\/\/pssi-formations.re\/index.php\/wp-json\/wp\/v2\/comments?post=15"}],"version-history":[{"count":9,"href":"https:\/\/pssi-formations.re\/index.php\/wp-json\/wp\/v2\/pages\/15\/revisions"}],"predecessor-version":[{"id":280,"href":"https:\/\/pssi-formations.re\/index.php\/wp-json\/wp\/v2\/pages\/15\/revisions\/280"}],"wp:attachment":[{"href":"https:\/\/pssi-formations.re\/index.php\/wp-json\/wp\/v2\/media?parent=15"}],"curies":[{"name":"wp","href":"https:\/\/api.w.org\/{rel}","templated":true}]}}